{"id":1392,"date":"2020-09-15T15:16:54","date_gmt":"2020-09-15T13:16:54","guid":{"rendered":"http:\/\/advert25.webd.pro\/busbrothers\/?page_id=1392"},"modified":"2023-10-21T00:15:42","modified_gmt":"2023-10-20T22:15:42","slug":"o-firmie","status":"publish","type":"page","link":"http:\/\/advert25.webd.pro\/busbrothers\/o-firmie\/","title":{"rendered":"O firmie"},"content":{"rendered":"<p>[vc_row css_animation=&#8221;&#8221; row_type=&#8221;row&#8221; use_row_as_full_screen_section=&#8221;no&#8221; type=&#8221;full_width&#8221; angled_section=&#8221;no&#8221; text_align=&#8221;left&#8221; background_image_as_pattern=&#8221;without_pattern&#8221;][vc_column offset=&#8221;vc_hidden-sm vc_hidden-xs&#8221;]\n<div id=\"rev_slider_14_1_wrapper\" class=\"rev_slider_wrapper fullwidthbanner-container\" data-source=\"gallery\" style=\"margin:0px auto;background:transparent;padding:0px;margin-top:0px;margin-bottom:0px;\">\n<!-- START REVOLUTION SLIDER 5.4.8.3 auto mode -->\n\t<div id=\"rev_slider_14_1\" class=\"rev_slider fullwidthabanner\" style=\"display:none;\" data-version=\"5.4.8.3\">\n<ul>\t<!-- SLIDE  -->\n\t<li data-index=\"rs-43\" data-transition=\"fade\" data-slotamount=\"default\" data-hideafterloop=\"0\" data-hideslideonmobile=\"off\"  data-easein=\"default\" data-easeout=\"default\" data-masterspeed=\"default\"  data-delay=\"3470\"  data-rotate=\"0\"  data-fstransition=\"fade\" data-fsmasterspeed=\"300\" data-fsslotamount=\"7\" data-saveperformance=\"off\"  data-title=\"Slide\" data-param1=\"\" data-param2=\"\" data-param3=\"\" data-param4=\"\" data-param5=\"\" data-param6=\"\" data-param7=\"\" data-param8=\"\" data-param9=\"\" data-param10=\"\" data-description=\"\">\n\t\t<!-- MAIN IMAGE -->\n\t\t<img loading=\"lazy\" decoding=\"async\" src=\"http:\/\/advert25.webd.pro\/busbrothers\/wp-content\/uploads\/2023\/05\/slider-podstrona-v3.jpg\"  alt=\"\" title=\"slider-podstrona-v3\"  width=\"1920\" height=\"459\" data-bgposition=\"center bottom\" data-bgfit=\"cover\" data-bgrepeat=\"no-repeat\" data-bgparallax=\"off\" class=\"rev-slidebg\" data-no-retina>\n\t\t<!-- LAYERS -->\n\t<\/li>\n\t<!-- SLIDE  -->\n\t<li data-index=\"rs-43-1\" data-transition=\"fade\" data-slotamount=\"default\" data-hideafterloop=\"0\" data-hideslideonmobile=\"off\"  data-easein=\"default\" data-easeout=\"default\" data-masterspeed=\"default\"  data-delay=\"3470\"  data-rotate=\"0\"  data-saveperformance=\"off\"  data-title=\"Slide\" data-param1=\"\" data-param2=\"\" data-param3=\"\" data-param4=\"\" data-param5=\"\" data-param6=\"\" data-param7=\"\" data-param8=\"\" data-param9=\"\" data-param10=\"\" data-description=\"\">\n\t\t<!-- MAIN IMAGE -->\n\t\t<img loading=\"lazy\" decoding=\"async\" src=\"http:\/\/advert25.webd.pro\/busbrothers\/wp-content\/uploads\/2023\/05\/slider-podstrona-v3.jpg\"  alt=\"\" title=\"slider-podstrona-v3\"  width=\"1920\" height=\"459\" data-bgposition=\"center bottom\" data-bgfit=\"cover\" data-bgrepeat=\"no-repeat\" data-bgparallax=\"off\" class=\"rev-slidebg\" data-no-retina>\n\t\t<!-- LAYERS -->\n\t<\/li>\n<\/ul>\n<div class=\"tp-bannertimer tp-bottom\" style=\"visibility: hidden !important;\"><\/div>\t<\/div>\n<script>var htmlDiv = document.getElementById(\"rs-plugin-settings-inline-css\"); var htmlDivCss=\"\";\r\n\t\t\t\tif(htmlDiv) {\r\n\t\t\t\t\thtmlDiv.innerHTML = htmlDiv.innerHTML + htmlDivCss;\r\n\t\t\t\t}else{\r\n\t\t\t\t\tvar htmlDiv = document.createElement(\"div\");\r\n\t\t\t\t\thtmlDiv.innerHTML = \"<style>\" + htmlDivCss + \"<\/style>\";\r\n\t\t\t\t\tdocument.getElementsByTagName(\"head\")[0].appendChild(htmlDiv.childNodes[0]);\r\n\t\t\t\t}\r\n\t\t\t<\/script>\n\t\t<script type=\"text\/javascript\">\r\nif (setREVStartSize!==undefined) setREVStartSize(\r\n\t{c: '#rev_slider_14_1', responsiveLevels: [1240,1024,778,480], gridwidth: [1330,1130,778,480], gridheight: [500,430,600,720], sliderLayout: 'auto'});\r\n\t\t\t\r\nvar revapi14,\r\n\ttpj;\t\r\n(function() {\t\t\t\r\n\tif (!\/loaded|interactive|complete\/.test(document.readyState)) document.addEventListener(\"DOMContentLoaded\",onLoad); else onLoad();\t\r\n\tfunction onLoad() {\t\t\t\t\r\n\t\tif (tpj===undefined) { tpj = jQuery; if(\"off\" == \"on\") tpj.noConflict();}\r\n\tif(tpj(\"#rev_slider_14_1\").revolution == undefined){\n\t\trevslider_showDoubleJqueryError(\"#rev_slider_14_1\");\n\t}else{\n\t\trevapi14 = tpj(\"#rev_slider_14_1\").show().revolution({\n\t\t\tsliderType:\"standard\",\n\t\t\tjsFileLocation:\"\/\/advert25.webd.pro\/busbrothers\/wp-content\/plugins\/revslider\/public\/assets\/js\/\",\n\t\t\tsliderLayout:\"auto\",\n\t\t\tdottedOverlay:\"none\",\n\t\t\tdelay:4000,\n\t\t\tnavigation: {\n\t\t\t\tonHoverStop:\"off\",\n\t\t\t},\n\t\t\tresponsiveLevels:[1240,1024,778,480],\n\t\t\tvisibilityLevels:[1240,1024,778,480],\n\t\t\tgridwidth:[1330,1130,778,480],\n\t\t\tgridheight:[500,430,600,720],\n\t\t\tlazyType:\"none\",\n\t\t\tparallax: {\n\t\t\t\ttype:\"mouse\",\n\t\t\t\torigo:\"enterpoint\",\n\t\t\t\tspeed:400,\n\t\t\t\tspeedbg:0,\n\t\t\t\tspeedls:0,\n\t\t\t\tlevels:[5,10,15,20,25,30,35,40,45,46,47,48,49,50,51,55],\n\t\t\t},\n\t\t\tshadow:0,\n\t\t\tspinner:\"off\",\n\t\t\tstopLoop:\"off\",\n\t\t\tstopAfterLoops:-1,\n\t\t\tstopAtSlide:-1,\n\t\t\tshuffle:\"off\",\n\t\t\tautoHeight:\"off\",\n\t\t\tdisableProgressBar:\"on\",\n\t\t\thideThumbsOnMobile:\"off\",\n\t\t\thideSliderAtLimit:0,\n\t\t\thideCaptionAtLimit:0,\n\t\t\thideAllCaptionAtLilmit:0,\n\t\t\tdebugMode:false,\n\t\t\tfallbacks: {\n\t\t\t\tsimplifyAll:\"off\",\n\t\t\t\tnextSlideOnWindowFocus:\"off\",\n\t\t\t\tdisableFocusListener:false,\n\t\t\t}\n\t\t});\n\t}; \/* END OF revapi call *\/\n\t\n }; \/* END OF ON LOAD FUNCTION *\/\r\n}()); \/* END OF WRAPPING FUNCTION *\/\r\n<\/script>\r\n\t\t<\/div><!-- END REVOLUTION SLIDER -->[\/vc_column][\/vc_row][vc_row css_animation=&#8221;&#8221; row_type=&#8221;row&#8221; use_row_as_full_screen_section=&#8221;no&#8221; type=&#8221;grid&#8221; angled_section=&#8221;no&#8221; text_align=&#8221;left&#8221; background_image_as_pattern=&#8221;without_pattern&#8221; css=&#8221;.vc_custom_1600282657531{padding-top: 40px !important;padding-bottom: 40px !important;}&#8221; z_index=&#8221;&#8221;][vc_column offset=&#8221;vc_col-lg-6 vc_col-md-6&#8243;][vc_separator type=&#8221;transparent&#8221; thickness=&#8221;0&#8243; up=&#8221;5&#8243; down=&#8221;0&#8243;][vc_single_image image=&#8221;1468&#8243; img_size=&#8221;full&#8221; alignment=&#8221;center&#8221; qode_css_animation=&#8221;element_from_right&#8221;][vc_separator type=&#8221;transparent&#8221; thickness=&#8221;0&#8243; up=&#8221;54&#8243; down=&#8221;0&#8243;][\/vc_column][vc_column offset=&#8221;vc_col-lg-6 vc_col-md-6&#8243;][vc_separator type=&#8221;transparent&#8221; thickness=&#8221;0&#8243; up=&#8221;22&#8243; down=&#8221;0&#8243;][vc_column_text]<\/p>\n<h2 style=\"color: #1b5ba9;\">Firma Bus Brothers<\/h2>\n<p>[\/vc_column_text][vc_separator type=&#8221;small&#8221; position=&#8221;left&#8221; color=&#8221;#ff6f00&#8243; thickness=&#8221;4&#8243;][vc_column_text]Historia firmy przewozowej Bus Brothers si\u0119ga roku 1999.<br \/>\nPocz\u0105tkowo zajmowali\u015bmy si\u0119 wynajmem bus\u00f3w i autokar\u00f3w na trasach krajowych i zagranicznych.[\/vc_column_text][vc_separator type=&#8221;transparent&#8221; thickness=&#8221;0&#8243; up=&#8221;33&#8243; down=&#8221;0&#8243;]<div class=\"q_icon_list\"><i class=\"qode_icon_font_awesome fa fa-check qode-ili-icon-holder transparent\" style=\"font-size: 24px;color: #ff6f00;\" ><\/i><p style=\"\"><strong>CIESZYN - KATOWICE<\/strong> przez \u017bory, Paw\u0142owice.<\/p><\/div>[vc_column_text]<strong><span style=\"color: #ff6f00;\">Wszystkie linie kursuj\u0105 7 dni w tygodniu.<\/span><\/strong>[\/vc_column_text][\/vc_column][\/vc_row][vc_row css_animation=&#8221;&#8221; row_type=&#8221;row&#8221; use_row_as_full_screen_section=&#8221;no&#8221; type=&#8221;grid&#8221; angled_section=&#8221;no&#8221; text_align=&#8221;center&#8221; background_image_as_pattern=&#8221;without_pattern&#8221; css=&#8221;.vc_custom_1600178605087{margin-top: 0px !important;margin-bottom: 0px !important;border-top-width: 0px !important;border-bottom-width: 0px !important;padding-top: 0px !important;padding-bottom: 0px !important;background-color: #134691 !important;}&#8221; z_index=&#8221;&#8221;][vc_column offset=&#8221;vc_col-lg-12 vc_col-md-12&#8243;][vc_separator type=&#8221;transparent&#8221; thickness=&#8221;0&#8243; up=&#8221;85&#8243; down=&#8221;0&#8243;][vc_column_text css=&#8221;.vc_custom_1600183758851{border-right-width: 2px !important;border-left-width: 2px !important;padding-right: 20px !important;padding-left: 20px !important;border-left-color: #ff6f00 !important;border-left-style: solid !important;border-right-color: #ff6f00 !important;border-right-style: solid !important;}&#8221;]<\/p>\n<h4 style=\"color: #ffffff; font-weight: 500;\">Nasza flota to g\u0142\u00f3wnie pojazdy marki MERCEDES, kt\u00f3re s\u0105 na bie\u017c\u0105co serwisowane, zadbane i czyste.<\/h4>\n<h4><\/h4>\n<h4 style=\"color: #ffffff; font-weight: 500;\">Nasza kadra to do\u015bwiadczeni kierowcy, posiadaj\u0105cy sta\u017ce na przewozach mi\u0119dzynarodowych, dzi\u0119ki czemu zapewniaj\u0105 mi\u0142\u0105 i profesjonaln\u0105 obs\u0142ug\u0119.<\/h4>\n<p>[\/vc_column_text][vc_separator type=&#8221;transparent&#8221; thickness=&#8221;0&#8243; up=&#8221;85&#8243; down=&#8221;0&#8243;][\/vc_column][\/vc_row][vc_row row_type=&#8221;parallax&#8221; parallax_content_width=&#8221;in_grid&#8221; text_align=&#8221;center&#8221; full_screen_section_height=&#8221;no&#8221; css=&#8221;.vc_custom_1600185481475{margin-top: 40px !important;margin-bottom: 40px !important;border-top-width: 0px !important;border-bottom-width: 0px !important;padding-top: 0px !important;padding-bottom: 0px !important;}&#8221;][vc_column width=&#8221;1\/6&#8243;][\/vc_column][vc_column width=&#8221;2\/3&#8243;][vc_separator type=&#8221;transparent&#8221; thickness=&#8221;0&#8243; up=&#8221;60&#8243; down=&#8221;0&#8243;][vc_column_text]<\/p>\n<h4 style=\"text-align: center; color: #1b5ba9;\">Nastawiamy si\u0119 na<span style=\"font-weight: 800;\"> satysfakcj\u0119, wygod\u0119 i bezpiecze\u0144stwo pasa\u017cer\u00f3w.<\/span><\/h4>\n<h4 style=\"text-align: center; color: #1b5ba9;\">Przekonaj si\u0119 jak podr\u00f3\u017cowa\u0107 szybko, wygodnie i bezpiecznie.<\/h4>\n<p>[\/vc_column_text][vc_separator type=&#8221;small&#8221; position=&#8221;center&#8221; up=&#8221;20&#8243; down=&#8221;20&#8243; color=&#8221;#1b5ba9&#8243;][vc_column_text]<\/p>\n<h4 style=\"text-align: center; color: #ff6f00;\"><span style=\"font-weight: 800;\">Podr\u00f3\u017cuj Komfortowo z Bus Brothers. <\/span>Zapraszamy do korzystania z naszych us\u0142ug.<\/h4>\n<p>[\/vc_column_text][vc_separator type=&#8221;transparent&#8221; thickness=&#8221;0&#8243; up=&#8221;60&#8243; down=&#8221;0&#8243;][\/vc_column][vc_column width=&#8221;1\/6&#8243;][\/vc_column][\/vc_row][vc_row css_animation=&#8221;&#8221; row_type=&#8221;row&#8221; use_row_as_full_screen_section=&#8221;no&#8221; type=&#8221;grid&#8221; angled_section=&#8221;no&#8221; text_align=&#8221;center&#8221; background_image_as_pattern=&#8221;without_pattern&#8221; z_index=&#8221;&#8221; css=&#8221;.vc_custom_1602088868743{padding-top: 40px !important;padding-bottom: 40px !important;background-color: #134691 !important;}&#8221;][vc_column][vc_column_text]<\/p>\n<h3 style=\"letter-spacing: 0px; text-align: center; font-weight: 600; color: #ffffff;\">Informacja:<\/h3>\n<p>[\/vc_column_text][vc_empty_space height=&#8221;20px&#8221;]\n\n\t<a href=\"tel:605189995\" target=\"_self\" style=\"background-color: #e36000;font-size: 20px\" class=\"qode-btn qode-btn-medium qode-btn-solid qode-btn-custom-hover-bg qode-btn-custom-icon-bg-hover-color qode-btn-icon qode-btn-icon-rotate\" data-hover-bg-color=\"#ff7800\" >\n\t    <span class=\"qode-btn-text\">+48 605 189 995<\/span><span class=\"qode-button-v2-icon-holder\" style=\"font-size: 21px;border-color: #e36000;background-color: #ff7800\" data-hover-icon-border-color=\"#e36000\" data-hover-icon-bg-color=\"#e36000\"><span aria-hidden=\"true\" class=\"qode_icon_font_elegant icon_phone qode-button-v2-icon-holder-inner\" ><\/span><\/span>\t<\/a>\n\n[\/vc_column][\/vc_row][vc_row css_animation=&#8221;&#8221; row_type=&#8221;row&#8221; use_row_as_full_screen_section=&#8221;no&#8221; type=&#8221;grid&#8221; angled_section=&#8221;no&#8221; text_align=&#8221;center&#8221; background_image_as_pattern=&#8221;without_pattern&#8221; z_index=&#8221;&#8221; css=&#8221;.vc_custom_1600262652776{padding-top: 40px !important;padding-bottom: 40px !important;background-color: #ff6f00 !important;}&#8221;][vc_column][vc_column_text]<\/p>\n<h3 style=\"letter-spacing: 0px; text-align: center; font-weight: 600; color: #ffffff;\">Masz pytania? Potrzebujesz konsultacji?<\/h3>\n<p>[\/vc_column_text][vc_empty_space height=&#8221;20px&#8221;]\n\n\t<a href=\"http:\/\/advert25.webd.pro\/busbrothers\/kontakt\/\" target=\"_self\" style=\"font-size: 18px\" class=\"qode-btn qode-btn-medium qode-btn-solid qode-btn-custom-hover-bg qode-btn-custom-icon-bg-hover-color qode-btn-icon qode-btn-icon-rotate\" data-hover-bg-color=\"#0d396e\" >\n\t    <span class=\"qode-btn-text\">Skontaktuj si\u0119 z nami<\/span><span class=\"qode-button-v2-icon-holder\" style=\"font-size: 21px;background-color: #0d396e\" data-hover-icon-bg-color=\"#1b5ba9\"><span aria-hidden=\"true\" class=\"qode_icon_font_elegant arrow_carrot-right_alt2 qode-button-v2-icon-holder-inner\" ><\/span><\/span>\t<\/a>\n\n[\/vc_column][\/vc_row][vc_row css_animation=&#8221;&#8221; row_type=&#8221;row&#8221; use_row_as_full_screen_section=&#8221;no&#8221; type=&#8221;full_width&#8221; angled_section=&#8221;no&#8221; text_align=&#8221;left&#8221; background_image_as_pattern=&#8221;without_pattern&#8221;][vc_column][vc_empty_space height=&#8221;30&#8243;][\/vc_column][\/vc_row]<\/p>\n","protected":false},"excerpt":{"rendered":"<p>[vc_row css_animation=&#8221;&#8221; row_type=&#8221;row&#8221; use_row_as_full_screen_section=&#8221;no&#8221; type=&#8221;full_width&#8221; angled_section=&#8221;no&#8221; text_align=&#8221;left&#8221; background_image_as_pattern=&#8221;without_pattern&#8221;][vc_column offset=&#8221;vc_hidden-sm vc_hidden-xs&#8221;][\/vc_column][\/vc_row][vc_row css_animation=&#8221;&#8221; row_type=&#8221;row&#8221; use_row_as_full_screen_section=&#8221;no&#8221; type=&#8221;grid&#8221; angled_section=&#8221;no&#8221; text_align=&#8221;left&#8221; background_image_as_pattern=&#8221;without_pattern&#8221; css=&#8221;.vc_custom_1600282657531{padding-top: 40px !important;padding-bottom: 40px !important;}&#8221; z_index=&#8221;&#8221;][vc_column offset=&#8221;vc_col-lg-6 vc_col-md-6&#8243;][vc_separator type=&#8221;transparent&#8221; thickness=&#8221;0&#8243; up=&#8221;5&#8243; down=&#8221;0&#8243;][vc_single_image image=&#8221;1468&#8243; img_size=&#8221;full&#8221; alignment=&#8221;center&#8221; qode_css_animation=&#8221;element_from_right&#8221;][vc_separator type=&#8221;transparent&#8221; thickness=&#8221;0&#8243; up=&#8221;54&#8243; down=&#8221;0&#8243;][\/vc_column][vc_column offset=&#8221;vc_col-lg-6 vc_col-md-6&#8243;][vc_separator type=&#8221;transparent&#8221; thickness=&#8221;0&#8243; up=&#8221;22&#8243; down=&#8221;0&#8243;][vc_column_text] Firma Bus&#8230;<\/p>\n","protected":false},"author":1,"featured_media":0,"parent":0,"menu_order":0,"comment_status":"closed","ping_status":"closed","template":"full_width.php","meta":{"footnotes":""},"class_list":["post-1392","page","type-page","status-publish","hentry"],"_links":{"self":[{"href":"http:\/\/advert25.webd.pro\/busbrothers\/wp-json\/wp\/v2\/pages\/1392","targetHints":{"allow":["GET"]}}],"collection":[{"href":"http:\/\/advert25.webd.pro\/busbrothers\/wp-json\/wp\/v2\/pages"}],"about":[{"href":"http:\/\/advert25.webd.pro\/busbrothers\/wp-json\/wp\/v2\/types\/page"}],"author":[{"embeddable":true,"href":"http:\/\/advert25.webd.pro\/busbrothers\/wp-json\/wp\/v2\/users\/1"}],"replies":[{"embeddable":true,"href":"http:\/\/advert25.webd.pro\/busbrothers\/wp-json\/wp\/v2\/comments?post=1392"}],"version-history":[{"count":43,"href":"http:\/\/advert25.webd.pro\/busbrothers\/wp-json\/wp\/v2\/pages\/1392\/revisions"}],"predecessor-version":[{"id":1959,"href":"http:\/\/advert25.webd.pro\/busbrothers\/wp-json\/wp\/v2\/pages\/1392\/revisions\/1959"}],"wp:attachment":[{"href":"http:\/\/advert25.webd.pro\/busbrothers\/wp-json\/wp\/v2\/media?parent=1392"}],"curies":[{"name":"wp","href":"https:\/\/api.w.org\/{rel}","templated":true}]}}