{"id":132,"date":"2016-02-19T13:45:42","date_gmt":"2016-02-19T13:45:42","guid":{"rendered":"https:\/\/bridge3.qodeinteractive.com\/?page_id=132"},"modified":"2023-05-15T18:11:05","modified_gmt":"2023-05-15T16:11:05","slug":"kontakt","status":"publish","type":"page","link":"http:\/\/advert25.webd.pro\/busbrothers\/kontakt\/","title":{"rendered":"Kontakt"},"content":{"rendered":"<p>[vc_row css_animation=&#8221;&#8221; row_type=&#8221;row&#8221; use_row_as_full_screen_section=&#8221;no&#8221; type=&#8221;full_width&#8221; angled_section=&#8221;no&#8221; text_align=&#8221;left&#8221; background_image_as_pattern=&#8221;without_pattern&#8221;][vc_column offset=&#8221;vc_hidden-sm vc_hidden-xs&#8221;]\n<div id=\"rev_slider_14_1_wrapper\" class=\"rev_slider_wrapper fullwidthbanner-container\" data-source=\"gallery\" style=\"margin:0px auto;background:transparent;padding:0px;margin-top:0px;margin-bottom:0px;\">\n<!-- START REVOLUTION SLIDER 5.4.8.3 auto mode -->\n\t<div id=\"rev_slider_14_1\" class=\"rev_slider fullwidthabanner\" style=\"display:none;\" data-version=\"5.4.8.3\">\n<ul>\t<!-- SLIDE  -->\n\t<li data-index=\"rs-43\" data-transition=\"fade\" data-slotamount=\"default\" data-hideafterloop=\"0\" data-hideslideonmobile=\"off\"  data-easein=\"default\" data-easeout=\"default\" data-masterspeed=\"default\"  data-delay=\"3470\"  data-rotate=\"0\"  data-fstransition=\"fade\" data-fsmasterspeed=\"300\" data-fsslotamount=\"7\" data-saveperformance=\"off\"  data-title=\"Slide\" data-param1=\"\" data-param2=\"\" data-param3=\"\" data-param4=\"\" data-param5=\"\" data-param6=\"\" data-param7=\"\" data-param8=\"\" data-param9=\"\" data-param10=\"\" data-description=\"\">\n\t\t<!-- MAIN IMAGE -->\n\t\t<img loading=\"lazy\" decoding=\"async\" src=\"http:\/\/advert25.webd.pro\/busbrothers\/wp-content\/uploads\/2023\/05\/slider-podstrona-v3.jpg\"  alt=\"\" title=\"slider-podstrona-v3\"  width=\"1920\" height=\"459\" data-bgposition=\"center bottom\" data-bgfit=\"cover\" data-bgrepeat=\"no-repeat\" data-bgparallax=\"off\" class=\"rev-slidebg\" data-no-retina>\n\t\t<!-- LAYERS -->\n\t<\/li>\n\t<!-- SLIDE  -->\n\t<li data-index=\"rs-43-1\" data-transition=\"fade\" data-slotamount=\"default\" data-hideafterloop=\"0\" data-hideslideonmobile=\"off\"  data-easein=\"default\" data-easeout=\"default\" data-masterspeed=\"default\"  data-delay=\"3470\"  data-rotate=\"0\"  data-saveperformance=\"off\"  data-title=\"Slide\" data-param1=\"\" data-param2=\"\" data-param3=\"\" data-param4=\"\" data-param5=\"\" data-param6=\"\" data-param7=\"\" data-param8=\"\" data-param9=\"\" data-param10=\"\" data-description=\"\">\n\t\t<!-- MAIN IMAGE -->\n\t\t<img loading=\"lazy\" decoding=\"async\" src=\"http:\/\/advert25.webd.pro\/busbrothers\/wp-content\/uploads\/2023\/05\/slider-podstrona-v3.jpg\"  alt=\"\" title=\"slider-podstrona-v3\"  width=\"1920\" height=\"459\" data-bgposition=\"center bottom\" data-bgfit=\"cover\" data-bgrepeat=\"no-repeat\" data-bgparallax=\"off\" class=\"rev-slidebg\" data-no-retina>\n\t\t<!-- LAYERS -->\n\t<\/li>\n<\/ul>\n<div class=\"tp-bannertimer tp-bottom\" style=\"visibility: hidden !important;\"><\/div>\t<\/div>\n<script>var htmlDiv = document.getElementById(\"rs-plugin-settings-inline-css\"); var htmlDivCss=\"\";\r\n\t\t\t\tif(htmlDiv) {\r\n\t\t\t\t\thtmlDiv.innerHTML = htmlDiv.innerHTML + htmlDivCss;\r\n\t\t\t\t}else{\r\n\t\t\t\t\tvar htmlDiv = document.createElement(\"div\");\r\n\t\t\t\t\thtmlDiv.innerHTML = \"<style>\" + htmlDivCss + \"<\/style>\";\r\n\t\t\t\t\tdocument.getElementsByTagName(\"head\")[0].appendChild(htmlDiv.childNodes[0]);\r\n\t\t\t\t}\r\n\t\t\t<\/script>\n\t\t<script type=\"text\/javascript\">\r\nif (setREVStartSize!==undefined) setREVStartSize(\r\n\t{c: '#rev_slider_14_1', responsiveLevels: [1240,1024,778,480], gridwidth: [1330,1130,778,480], gridheight: [500,430,600,720], sliderLayout: 'auto'});\r\n\t\t\t\r\nvar revapi14,\r\n\ttpj;\t\r\n(function() {\t\t\t\r\n\tif (!\/loaded|interactive|complete\/.test(document.readyState)) document.addEventListener(\"DOMContentLoaded\",onLoad); else onLoad();\t\r\n\tfunction onLoad() {\t\t\t\t\r\n\t\tif (tpj===undefined) { tpj = jQuery; if(\"off\" == \"on\") tpj.noConflict();}\r\n\tif(tpj(\"#rev_slider_14_1\").revolution == undefined){\n\t\trevslider_showDoubleJqueryError(\"#rev_slider_14_1\");\n\t}else{\n\t\trevapi14 = tpj(\"#rev_slider_14_1\").show().revolution({\n\t\t\tsliderType:\"standard\",\n\t\t\tjsFileLocation:\"\/\/advert25.webd.pro\/busbrothers\/wp-content\/plugins\/revslider\/public\/assets\/js\/\",\n\t\t\tsliderLayout:\"auto\",\n\t\t\tdottedOverlay:\"none\",\n\t\t\tdelay:4000,\n\t\t\tnavigation: {\n\t\t\t\tonHoverStop:\"off\",\n\t\t\t},\n\t\t\tresponsiveLevels:[1240,1024,778,480],\n\t\t\tvisibilityLevels:[1240,1024,778,480],\n\t\t\tgridwidth:[1330,1130,778,480],\n\t\t\tgridheight:[500,430,600,720],\n\t\t\tlazyType:\"none\",\n\t\t\tparallax: {\n\t\t\t\ttype:\"mouse\",\n\t\t\t\torigo:\"enterpoint\",\n\t\t\t\tspeed:400,\n\t\t\t\tspeedbg:0,\n\t\t\t\tspeedls:0,\n\t\t\t\tlevels:[5,10,15,20,25,30,35,40,45,46,47,48,49,50,51,55],\n\t\t\t},\n\t\t\tshadow:0,\n\t\t\tspinner:\"off\",\n\t\t\tstopLoop:\"off\",\n\t\t\tstopAfterLoops:-1,\n\t\t\tstopAtSlide:-1,\n\t\t\tshuffle:\"off\",\n\t\t\tautoHeight:\"off\",\n\t\t\tdisableProgressBar:\"on\",\n\t\t\thideThumbsOnMobile:\"off\",\n\t\t\thideSliderAtLimit:0,\n\t\t\thideCaptionAtLimit:0,\n\t\t\thideAllCaptionAtLilmit:0,\n\t\t\tdebugMode:false,\n\t\t\tfallbacks: {\n\t\t\t\tsimplifyAll:\"off\",\n\t\t\t\tnextSlideOnWindowFocus:\"off\",\n\t\t\t\tdisableFocusListener:false,\n\t\t\t}\n\t\t});\n\t}; \/* END OF revapi call *\/\n\t\n }; \/* END OF ON LOAD FUNCTION *\/\r\n}()); \/* END OF WRAPPING FUNCTION *\/\r\n<\/script>\r\n\t\t<\/div><!-- END REVOLUTION SLIDER -->[\/vc_column][\/vc_row][vc_row css_animation=&#8221;&#8221; row_type=&#8221;row&#8221; use_row_as_full_screen_section=&#8221;no&#8221; type=&#8221;grid&#8221; angled_section=&#8221;no&#8221; text_align=&#8221;center&#8221; background_image_as_pattern=&#8221;without_pattern&#8221; css=&#8221;.vc_custom_1600255924257{margin-top: 20px !important;background-color: #ff6f00 !important;}&#8221; z_index=&#8221;&#8221;][vc_column][vc_row_inner row_type=&#8221;row&#8221; type=&#8221;full_width&#8221; text_align=&#8221;center&#8221; css_animation=&#8221;&#8221;][vc_column_inner width=&#8221;1\/3&#8243; css=&#8221;.vc_custom_1600191702149{background-color: #ff6f00 !important;}&#8221;][vc_separator type=&#8221;transparent&#8221; thickness=&#8221;0&#8243; up=&#8221;40&#8243; down=&#8221;0&#8243;]<span data-type=\"circle\" data-hover-bg-color=\"#ffffff\" data-hover-icon-color=\"#134691\" class=\"qode_icon_shortcode fa-stack q_font_awsome_icon_stack fa-lg pull-center \" style=\"font-size: 30px;font-size: 50px; \"><i class=\"fa fa-circle fa-stack-base fa-stack-2x\" style=\"color: #ffffff;\"><\/i><span aria-hidden=\"true\" class=\"qode_icon_font_elegant icon_pin qode_icon_element fa-stack-1x\" style=\"font-size: 30px;color: #134691;\" ><\/span><\/span>[vc_separator type=&#8221;transparent&#8221; thickness=&#8221;0&#8243; up=&#8221;10&#8243; down=&#8221;0&#8243;][vc_column_text]<\/p>\n<h4 style=\"text-align: center; color: #f0f0f0;\"><span style=\"font-weight: 800;\">Szczejkowice<\/span><\/h4>\n<p>[\/vc_column_text][vc_separator type=&#8221;transparent&#8221; thickness=&#8221;0&#8243; up=&#8221;60&#8243; down=&#8221;0&#8243;][\/vc_column_inner][vc_column_inner el_class=&#8221;mail-kontakt&#8221; width=&#8221;1\/3&#8243; css=&#8221;.vc_custom_1602085022801{background-color: #134691 !important;}&#8221;][vc_separator type=&#8221;transparent&#8221; thickness=&#8221;0&#8243; up=&#8221;40&#8243; down=&#8221;0&#8243;]<span data-type=\"circle\" data-hover-bg-color=\"#ffffff\" data-hover-icon-color=\"#ff6f00\" class=\"qode_icon_shortcode fa-stack q_font_awsome_icon_stack fa-lg pull-center \" style=\"font-size: 30px;font-size: 50px; \"><i class=\"fa fa-circle fa-stack-base fa-stack-2x\" style=\"color: #ffffff;\"><\/i><span aria-hidden=\"true\" class=\"qode_icon_font_elegant icon_phone qode_icon_element fa-stack-1x\" style=\"font-size: 30px;color: #ff6f00;\" ><\/span><\/span>[vc_separator type=&#8221;transparent&#8221; thickness=&#8221;0&#8243; up=&#8221;10&#8243; down=&#8221;0&#8243;][vc_column_text]<a style=\"text-align: center; color: #f0f0f0; font-size: 20px; font-weight: 800;\" href=\"tel:605189995\">+48 605 189 995<\/a>[\/vc_column_text][vc_column_text]<\/p>\n<h4 style=\"text-align: center; color: #f0f0f0;\">( Infolinia )<\/h4>\n<p>[\/vc_column_text][vc_separator type=&#8221;small&#8221; position=&#8221;center&#8221; color=&#8221;#ffffff&#8221; down=&#8221;10&#8243;][vc_column_text css=&#8221;.vc_custom_1649269114580{margin-top: 0px !important;padding-top: 0px !important;}&#8221;]<a style=\"text-align: center; color: #f0f0f0; font-size: 20px; font-weight: 800;\" href=\"tel:885444430\">+48 885 444 430<\/a>[\/vc_column_text][vc_separator type=&#8221;transparent&#8221; thickness=&#8221;0&#8243; up=&#8221;60&#8243; down=&#8221;0&#8243;][\/vc_column_inner][vc_column_inner el_class=&#8221;mail-kontakt&#8221; width=&#8221;1\/3&#8243; css=&#8221;.vc_custom_1600191692080{background-color: #ff6f00 !important;}&#8221;][vc_separator type=&#8221;transparent&#8221; thickness=&#8221;0&#8243; up=&#8221;40&#8243; down=&#8221;0&#8243;]<span data-type=\"circle\" data-hover-bg-color=\"#ffffff\" data-hover-icon-color=\"#134691\" class=\"qode_icon_shortcode fa-stack q_font_awsome_icon_stack fa-lg pull-center \" style=\"font-size: 30px;font-size: 50px; \"><i class=\"fa fa-circle fa-stack-base fa-stack-2x\" style=\"color: #ffffff;\"><\/i><span aria-hidden=\"true\" class=\"qode_icon_font_elegant icon_mail qode_icon_element fa-stack-1x\" style=\"font-size: 30px;color: #134691;\" ><\/span><\/span>[vc_separator type=&#8221;transparent&#8221; thickness=&#8221;0&#8243; up=&#8221;10&#8243; down=&#8221;0&#8243;][vc_column_text]<a style=\"text-align: center; color: #f0f0f0; font-size: 20px; font-weight: 800;\" href=\"mailto:info.busbrothers@gmail.com\">info.busbrothers@gmail.com<\/a>[\/vc_column_text][vc_separator type=&#8221;transparent&#8221; thickness=&#8221;0&#8243; up=&#8221;60&#8243; down=&#8221;0&#8243;][\/vc_column_inner][\/vc_row_inner][\/vc_column][\/vc_row][vc_row css_animation=&#8221;&#8221; row_type=&#8221;row&#8221; use_row_as_full_screen_section=&#8221;no&#8221; type=&#8221;grid&#8221; angled_section=&#8221;no&#8221; text_align=&#8221;left&#8221; background_image_as_pattern=&#8221;without_pattern&#8221; css=&#8221;.vc_custom_1600191176798{padding-top: 50px !important;padding-bottom: 50px !important;}&#8221; z_index=&#8221;&#8221;][vc_column width=&#8221;1\/6&#8243;][\/vc_column][vc_column width=&#8221;2\/3&#8243;]<div role=\"form\" class=\"wpcf7\" id=\"wpcf7-f145-o1\" lang=\"en-US\" dir=\"ltr\">\n<div class=\"screen-reader-response\"><p role=\"status\" aria-live=\"polite\" aria-atomic=\"true\"><\/p> <ul><\/ul><\/div>\n<form action=\"\/busbrothers\/wp-json\/wp\/v2\/pages\/132#wpcf7-f145-o1\" method=\"post\" class=\"wpcf7-form init cf7_custom_style_2\" novalidate=\"novalidate\" data-status=\"init\">\n<div style=\"display: none;\">\n<input type=\"hidden\" name=\"_wpcf7\" value=\"145\" \/>\n<input type=\"hidden\" name=\"_wpcf7_version\" value=\"5.3.2\" \/>\n<input type=\"hidden\" name=\"_wpcf7_locale\" value=\"en_US\" \/>\n<input type=\"hidden\" name=\"_wpcf7_unit_tag\" value=\"wpcf7-f145-o1\" \/>\n<input type=\"hidden\" name=\"_wpcf7_container_post\" value=\"0\" \/>\n<input type=\"hidden\" name=\"_wpcf7_posted_data_hash\" value=\"\" \/>\n<\/div>\n<div class=\"two_columns_50_50 clearfix\">\n<div class=\"column1\">\n<div class=\"column_inner\">\n   <span class=\"wpcf7-form-control-wrap your-name\"><input type=\"text\" name=\"your-name\" value=\"\" size=\"40\" class=\"wpcf7-form-control wpcf7-text wpcf7-validates-as-required\" aria-required=\"true\" aria-invalid=\"false\" placeholder=\"Imi\u0119 i Nazwisko\" \/><\/span>\n  <\/div><\/div>\n<div class=\"column2\">\n<div class=\"column_inner\">\n <span class=\"wpcf7-form-control-wrap email\"><input type=\"email\" name=\"email\" value=\"\" size=\"40\" class=\"wpcf7-form-control wpcf7-text wpcf7-email wpcf7-validates-as-required wpcf7-validates-as-email\" aria-required=\"true\" aria-invalid=\"false\" placeholder=\"E-mail\" \/><\/span>\n  <\/div><\/div>\n<\/div>\n<div><span class=\"wpcf7-form-control-wrap subject\"><input type=\"text\" name=\"subject\" value=\"\" size=\"40\" class=\"wpcf7-form-control wpcf7-text wpcf7-validates-as-required\" aria-required=\"true\" aria-invalid=\"false\" placeholder=\"Temat\" \/><\/span><\/div>\n<div><span class=\"wpcf7-form-control-wrap message\"><textarea name=\"message\" cols=\"40\" rows=\"10\" class=\"wpcf7-form-control wpcf7-textarea wpcf7-validates-as-required\" aria-required=\"true\" aria-invalid=\"false\" placeholder=\"Tre\u015b\u0107 wiadomo\u015bci...\"><\/textarea><\/span><\/div>\n<p><span class=\"wpcf7-form-control wpcf7-acceptance\"><label class=\"checkcontainer\">Wyra\u017cam zgod\u0119 na przetwarzanie danych osobowych przez firm\u0119 Bus Brothers.<input type=\"checkbox\" value=\"1\" aria-invalid=\"false\"><span class=\"checkmark\"><\/span><\/label><\/span><\/p>\n<div style=\"margin-top:30px;\"><input type=\"submit\" value=\"Wy\u015blij Wiadomo\u015b\u0107\" class=\"wpcf7-form-control wpcf7-submit\" \/><\/div>\n<div class=\"wpcf7-response-output\" aria-hidden=\"true\"><\/div><\/form><\/div>[vc_separator type=&#8221;transparent&#8221; thickness=&#8221;0&#8243; up=&#8221;30&#8243; down=&#8221;0&#8243;][\/vc_column][vc_column width=&#8221;1\/6&#8243;][\/vc_column][\/vc_row]<\/p>\n","protected":false},"excerpt":{"rendered":"<p>[vc_row css_animation=&#8221;&#8221; row_type=&#8221;row&#8221; use_row_as_full_screen_section=&#8221;no&#8221; type=&#8221;full_width&#8221; angled_section=&#8221;no&#8221; text_align=&#8221;left&#8221; background_image_as_pattern=&#8221;without_pattern&#8221;][vc_column offset=&#8221;vc_hidden-sm vc_hidden-xs&#8221;][\/vc_column][\/vc_row][vc_row css_animation=&#8221;&#8221; row_type=&#8221;row&#8221; use_row_as_full_screen_section=&#8221;no&#8221; type=&#8221;grid&#8221; angled_section=&#8221;no&#8221; text_align=&#8221;center&#8221; background_image_as_pattern=&#8221;without_pattern&#8221; css=&#8221;.vc_custom_1600255924257{margin-top: 20px !important;background-color: #ff6f00 !important;}&#8221; z_index=&#8221;&#8221;][vc_column][vc_row_inner row_type=&#8221;row&#8221; type=&#8221;full_width&#8221; text_align=&#8221;center&#8221; css_animation=&#8221;&#8221;][vc_column_inner width=&#8221;1\/3&#8243; css=&#8221;.vc_custom_1600191702149{background-color: #ff6f00 !important;}&#8221;][vc_separator type=&#8221;transparent&#8221; thickness=&#8221;0&#8243; up=&#8221;40&#8243; down=&#8221;0&#8243;][vc_separator type=&#8221;transparent&#8221; thickness=&#8221;0&#8243; up=&#8221;10&#8243; down=&#8221;0&#8243;][vc_column_text] Szczejkowice [\/vc_column_text][vc_separator type=&#8221;transparent&#8221; thickness=&#8221;0&#8243; up=&#8221;60&#8243; down=&#8221;0&#8243;][\/vc_column_inner][vc_column_inner&#8230;<\/p>\n","protected":false},"author":1,"featured_media":0,"parent":0,"menu_order":0,"comment_status":"closed","ping_status":"closed","template":"full_width.php","meta":{"footnotes":""},"class_list":["post-132","page","type-page","status-publish","hentry"],"_links":{"self":[{"href":"http:\/\/advert25.webd.pro\/busbrothers\/wp-json\/wp\/v2\/pages\/132","targetHints":{"allow":["GET"]}}],"collection":[{"href":"http:\/\/advert25.webd.pro\/busbrothers\/wp-json\/wp\/v2\/pages"}],"about":[{"href":"http:\/\/advert25.webd.pro\/busbrothers\/wp-json\/wp\/v2\/types\/page"}],"author":[{"embeddable":true,"href":"http:\/\/advert25.webd.pro\/busbrothers\/wp-json\/wp\/v2\/users\/1"}],"replies":[{"embeddable":true,"href":"http:\/\/advert25.webd.pro\/busbrothers\/wp-json\/wp\/v2\/comments?post=132"}],"version-history":[{"count":94,"href":"http:\/\/advert25.webd.pro\/busbrothers\/wp-json\/wp\/v2\/pages\/132\/revisions"}],"predecessor-version":[{"id":1939,"href":"http:\/\/advert25.webd.pro\/busbrothers\/wp-json\/wp\/v2\/pages\/132\/revisions\/1939"}],"wp:attachment":[{"href":"http:\/\/advert25.webd.pro\/busbrothers\/wp-json\/wp\/v2\/media?parent=132"}],"curies":[{"name":"wp","href":"https:\/\/api.w.org\/{rel}","templated":true}]}}